{"id":35,"date":"2018-06-27T14:27:27","date_gmt":"2018-06-27T12:27:27","guid":{"rendered":"http:\/\/paradox-voyages.fr\/?page_id=35"},"modified":"2022-06-10T11:03:31","modified_gmt":"2022-06-10T09:03:31","slug":"a-propos-de","status":"publish","type":"page","link":"https:\/\/paradox-voyages.fr\/index.php\/a-propos-de\/","title":{"rendered":"\u00c0 propos de"},"content":{"rendered":"<p><strong>Nos engagements au service des entreprises et des particuliers<\/strong><\/p>\n<p>PARADOX VOYAGES propose des services + aux entreprises<br \/>\n&#8211; Economie<br \/>\n&#8211; Efficacit\u00e9<br \/>\n&#8211; Souplesse et adaptation<\/p>\n<p>&#8211; Membre fondateur de SELECTOUR AFFAIRES, 1er r\u00e9seau en puissance d\u2019achat apportant une meilleure comp\u00e9titivit\u00e9 tarifaire sur les prestations a\u00e9riennes, ferroviaires, maritimes et h\u00f4teli\u00e8res.<br \/>\n&#8211; Les prix les plus attractifs du march\u00e9, gr\u00e2ce \u00e0 des accords avec plus de 60 compagnies a\u00e9riennes, 70\u00a0000 h\u00f4tels, des loueurs de voiture, la SNCF et des compagnies d\u2019assurances.<br \/>\n&#8211; Une grille tarifaire clef en main\u00a0: l\u2019ensemble de nos frais sont visibles et nous jouons volontairement la carte de la transparence sur les co\u00fbts li\u00e9s aux diff\u00e9rents services et outils disponibles.<br \/>\n&#8211; Optimisation de votre budget \u00e0 l\u2019aide d\u2019un outil statistiques permettant de suivre votre consommation et votre actualit\u00e9 voyages.<\/p>\n<p>1- Rapidit\u00e9\u00a0: information en temps r\u00e9el avec des r\u00e9ponses efficaces et appropri\u00e9es<br \/>\n2- Gestion de l\u2019urgence<br \/>\n3- Simplicit\u00e9 de r\u00e9servation et de suivi<br \/>\n4- Fiabilit\u00e9 d\u2019une \u00e9quipe form\u00e9e pour construire pour vous la meilleure solution de voyage au meilleur prix<br \/>\n5- Un portail Internet pour vos demandes de r\u00e9servations 24h\/7j www.paradox-voyages.com<br \/>\n6- 37 ans d\u2019exp\u00e9rience et d\u2019\u00e9volution pour s\u2019adapter aux besoins de performance des entreprises<br \/>\n7- Une personne d\u00e9di\u00e9e qui connait vos besoins<\/p>\n<p>En cas de gr\u00e8ve, de retard ou d\u2019urgence PARADOX VOYAGES s\u2019engage \u00e0 faire le maximum pour vous acheminer \u00e0 tous vos rendez-vous professionnels. Aucun de nos clients ne dort \u00e0 l\u2019a\u00e9roport!<\/p>\n<p>Nous connaissons l\u2019activit\u00e9 et l\u2019environnement de nos clients, un pr\u00e9alable indispensable pour apporter \u00e0 chaque situation la bonne r\u00e9ponse dans une logique d\u2019accompagnement de la performance de l\u2019entreprise.<\/p>\n<p>Nous connaissons d\u00e9j\u00e0 diff\u00e9rents secteurs d\u2019activit\u00e9\u00a0: soci\u00e9t\u00e9s de production TV\/cin\u00e9ma, cabinets d\u2019avocats, de notaires, r\u00e9gies publicitaires, instituts de recherche, etc\u2026<\/p>\n<p>Une proposition client organis\u00e9e autour de la r\u00e9alit\u00e9 de votre m\u00e9tier et de vos besoins r\u00e9els.<br \/>\nL\u2019actualit\u00e9 de chaque entreprise nous pousse \u00e0 savoir toujours r\u00e9agir vite, \u00e0 tout instant.<\/p>\n<p>Toujours Plus avec:<br \/>\nVISAS<br \/>\nObtention des visas<br \/>\nFACTURATION<br \/>\nFacture livr\u00e9e ou envoy\u00e9e par mail pour chaque billet<br \/>\nRelev\u00e9 mensuel (pour les clients en compte)<br \/>\nStatistiques \u00e0 la demande<br \/>\nTOURISME<br \/>\nS\u00e9jours, circuits, locations, croisi\u00e8res, parcs, Ski, thalasso<br \/>\nS\u00e9lection des meilleurs voyagistes<br \/>\nVoyages de groupe<br \/>\nVoyages r\u00e9compenses<br \/>\nVoyages de noces<br \/>\nSPECTACLES<br \/>\nLocation de places dans les principales salles parisiennes<\/p>\n<p>Paradox Voyages<br \/>\nTel : 01 53 58 57 57<br \/>\nEmail : paradox-voyages@selectour.com<br \/>\nhttps:\/\/www.facebook.com\/coco.paradox\/videos\/10151171051067283\/<br \/>\n[contact-form-7 404 \"Non trouv\u00e9\"]<\/p>\n","protected":false},"excerpt":{"rendered":"<p>Nos engagements au service des entreprises et des particuliers PARADOX VOYAGES propose des services + aux entreprises &#8211; Economie &#8211; Efficacit\u00e9 &#8211; Souplesse et adaptation &#8211; Membre fondateur de SELECTOUR AFFAIRES, 1er r\u00e9seau en puissance d\u2019achat apportant une meilleure comp\u00e9titivit\u00e9 tarifaire sur les prestations a\u00e9riennes, ferroviaires, maritimes et h\u00f4teli\u00e8res. &#8211; Les prix les plus attractifs [&hellip;]<\/p>\n","protected":false},"author":1,"featured_media":665,"parent":0,"menu_order":0,"comment_status":"closed","ping_status":"closed","template":"","meta":[],"_links":{"self":[{"href":"https:\/\/paradox-voyages.fr\/index.php\/wp-json\/wp\/v2\/pages\/35"}],"collection":[{"href":"https:\/\/paradox-voyages.fr\/index.php\/wp-json\/wp\/v2\/pages"}],"about":[{"href":"https:\/\/paradox-voyages.fr\/index.php\/wp-json\/wp\/v2\/types\/page"}],"author":[{"embeddable":true,"href":"https:\/\/paradox-voyages.fr\/index.php\/wp-json\/wp\/v2\/users\/1"}],"replies":[{"embeddable":true,"href":"https:\/\/paradox-voyages.fr\/index.php\/wp-json\/wp\/v2\/comments?post=35"}],"version-history":[{"count":10,"href":"https:\/\/paradox-voyages.fr\/index.php\/wp-json\/wp\/v2\/pages\/35\/revisions"}],"predecessor-version":[{"id":1246,"href":"https:\/\/paradox-voyages.fr\/index.php\/wp-json\/wp\/v2\/pages\/35\/revisions\/1246"}],"wp:featuredmedia":[{"embeddable":true,"href":"https:\/\/paradox-voyages.fr\/index.php\/wp-json\/wp\/v2\/media\/665"}],"wp:attachment":[{"href":"https:\/\/paradox-voyages.fr\/index.php\/wp-json\/wp\/v2\/media?parent=35"}],"curies":[{"name":"wp","href":"https:\/\/api.w.org\/{rel}","templated":true}]}}