{"id":36,"date":"2018-06-27T14:27:27","date_gmt":"2018-06-27T12:27:27","guid":{"rendered":"http:\/\/paradox-voyages.fr\/?page_id=36"},"modified":"2022-06-10T12:32:12","modified_gmt":"2022-06-10T10:32:12","slug":"contact","status":"publish","type":"page","link":"https:\/\/paradox-voyages.fr\/index.php\/contact\/","title":{"rendered":"L&rsquo;\u00e9quipe"},"content":{"rendered":"\n<div class=\"wp-block-cover is-light\"><span aria-hidden=\"true\" class=\"wp-block-cover__background has-background-dim-0 has-background-dim\"><\/span><img loading=\"lazy\" width=\"1024\" height=\"768\" class=\"wp-block-cover__image-background wp-image-1220\" alt=\"\" src=\"http:\/\/paradox-voyages.fr\/wp-content\/uploads\/2018\/09\/IMG_1740-1024x768.jpg\" style=\"object-position:52% 24%\" data-object-fit=\"cover\" data-object-position=\"52% 24%\" srcset=\"https:\/\/paradox-voyages.fr\/wp-content\/uploads\/2018\/09\/IMG_1740-1024x768.jpg 1024w, https:\/\/paradox-voyages.fr\/wp-content\/uploads\/2018\/09\/IMG_1740-300x225.jpg 300w, https:\/\/paradox-voyages.fr\/wp-content\/uploads\/2018\/09\/IMG_1740-768x576.jpg 768w, https:\/\/paradox-voyages.fr\/wp-content\/uploads\/2018\/09\/IMG_1740-1200x900.jpg 1200w\" sizes=\"(max-width: 1024px) 100vw, 1024px\" \/><div class=\"wp-block-cover__inner-container\"><\/div><\/div>\n\n\n\n<hr class=\"wp-block-separator has-alpha-channel-opacity is-style-dots\"\/>\n\n\n\n<div class=\"wp-block-media-text alignwide is-stacked-on-mobile\" style=\"grid-template-columns:20% auto\"><figure class=\"wp-block-media-text__media\"><img loading=\"lazy\" width=\"768\" height=\"1024\" src=\"http:\/\/paradox-voyages.fr\/wp-content\/uploads\/2018\/09\/claude-768x1024.jpg\" alt=\"\" class=\"wp-image-1221 size-full\" srcset=\"https:\/\/paradox-voyages.fr\/wp-content\/uploads\/2018\/09\/claude-768x1024.jpg 768w, https:\/\/paradox-voyages.fr\/wp-content\/uploads\/2018\/09\/claude-225x300.jpg 225w, https:\/\/paradox-voyages.fr\/wp-content\/uploads\/2018\/09\/claude.jpg 1200w\" sizes=\"(max-width: 768px) 100vw, 768px\" \/><\/figure><div class=\"wp-block-media-text__content\">\n<p class=\"has-large-font-size\"><strong><strong><strong><strong>Claude SCHENCK &#8211; <\/strong><\/strong><\/strong><\/strong><em>Pr\u00e9sident des missions impossibles<\/em><\/p>\n\n\n\n<p><strong><strong>Notre Pr\u00e9sident, <strong>fondateur de PARADOX VOYAGES<\/strong> avec son p\u00e8re, d\u00e9barqu\u00e9 des Etats Unis<strong>, le plus fran\u00e7ais des am\u00e9ricains<\/strong>, met \u00e0 votre disposition son exp\u00e9rience obtenue pendant ses 37 ann\u00e9es d&rsquo;activit\u00e9 dans le monde du tourisme et plus particuli\u00e8rement dans le <strong>tourisme d&rsquo;affaires<\/strong>.\u00a0 Son humour et sa d\u00e9contraction toute am\u00e9ricaine ne vous laisseront pas indiff\u00e9rents, son sens de la communication et sa simplicit\u00e9 vous s\u00e9duira, son exp\u00e9rience et sa vision du voyage seront des atouts pour votre entreprise.<\/strong><\/strong><\/p>\n<\/div><\/div>\n\n\n\n<div class=\"wp-block-media-text alignwide has-media-on-the-right is-stacked-on-mobile\" style=\"grid-template-columns:auto 23%\"><figure class=\"wp-block-media-text__media\"><img loading=\"lazy\" width=\"228\" height=\"228\" src=\"http:\/\/paradox-voyages.fr\/wp-content\/uploads\/2019\/03\/farida.png\" alt=\"\" class=\"wp-image-2039 size-full\" srcset=\"https:\/\/paradox-voyages.fr\/wp-content\/uploads\/2019\/03\/farida.png 228w, https:\/\/paradox-voyages.fr\/wp-content\/uploads\/2019\/03\/farida-150x150.png 150w\" sizes=\"(max-width: 228px) 100vw, 228px\" \/><\/figure><div class=\"wp-block-media-text__content\">\n<p class=\"has-large-font-size\"><strong><strong><strong>Farida Barghach<\/strong><\/strong><\/strong> &#8211;<em> Service comptabilit\u00e9<\/em><\/p>\n\n\n\n<p><strong><strong>Philippe Turlet<\/strong> notre chef comptable depuis 35 ans et <strong>Farida Barghach<\/strong> travaillent en parfaite harmonie. Personnalit\u00e9s diff\u00e9rentes mais tr\u00e8s compl\u00e9mentaires, vous pouvez interroger les deux pour obtenir vos factures d\u00e9mat\u00e9rialis\u00e9es ou tous renseignements concernant votre facturation et vos statistiques. Chaque client a ses habitudes et pr\u00e9f\u00e8re s\u2019adresser \u00e0 l\u2019un ou \u00e0 l\u2019autre. Leurs deux caract\u00e8res allient rigueur et fantaisie, s\u00e9rieux et humour mais surtout disponibilit\u00e9 et gentillesse pour vous servir au mieux. <strong>Ce sera \u00e0 vous de d\u00e9terminer avec quelle personnalit\u00e9 vous pr\u00e9f\u00e9rez \u00e9changer<\/strong>.<\/strong><\/p>\n<\/div><\/div>\n\n\n\n<div class=\"wp-block-media-text alignwide is-stacked-on-mobile\" style=\"grid-template-columns:27% auto\"><figure class=\"wp-block-media-text__media\"><img loading=\"lazy\" width=\"1024\" height=\"768\" src=\"http:\/\/paradox-voyages.fr\/wp-content\/uploads\/2018\/09\/IMG_3514-cecilia-1024x768.jpg\" alt=\"\" class=\"wp-image-1222 size-full\" srcset=\"https:\/\/paradox-voyages.fr\/wp-content\/uploads\/2018\/09\/IMG_3514-cecilia-1024x768.jpg 1024w, https:\/\/paradox-voyages.fr\/wp-content\/uploads\/2018\/09\/IMG_3514-cecilia-300x225.jpg 300w, https:\/\/paradox-voyages.fr\/wp-content\/uploads\/2018\/09\/IMG_3514-cecilia-768x576.jpg 768w, https:\/\/paradox-voyages.fr\/wp-content\/uploads\/2018\/09\/IMG_3514-cecilia-1200x900.jpg 1200w, https:\/\/paradox-voyages.fr\/wp-content\/uploads\/2018\/09\/IMG_3514-cecilia.jpg 1280w\" sizes=\"(max-width: 1024px) 100vw, 1024px\" \/><\/figure><div class=\"wp-block-media-text__content\">\n<p class=\"has-large-font-size\"><strong><strong>C\u00e9cilia<\/strong><\/strong> &#8211; <em>Charg\u00e9e des groupes<\/em><\/p>\n\n\n\n<p><strong>Une \u00e9nergie d\u00e9bordante au service des entreprises et en particulier du secteur audiovisuel. Cette ex r\u00e9sidente des <strong>Etats-Unis<\/strong> et <strong>d\u2019Isra\u00ebl<\/strong> est rigoureuse, professionnelle et bourr\u00e9e d\u2019humour! Son peps disponible <strong>24h\/24<\/strong> vous fera voyager plus vite que la lumi\u00e8re.<\/strong><\/p>\n<\/div><\/div>\n\n\n\n<div class=\"wp-block-media-text alignwide has-media-on-the-right is-stacked-on-mobile\" style=\"grid-template-columns:auto 19%\"><figure class=\"wp-block-media-text__media\"><img loading=\"lazy\" width=\"656\" height=\"1024\" src=\"http:\/\/paradox-voyages.fr\/wp-content\/uploads\/2018\/09\/IMG_3957-naouelle-656x1024.jpg\" alt=\"\" class=\"wp-image-1225 size-full\" srcset=\"https:\/\/paradox-voyages.fr\/wp-content\/uploads\/2018\/09\/IMG_3957-naouelle-656x1024.jpg 656w, https:\/\/paradox-voyages.fr\/wp-content\/uploads\/2018\/09\/IMG_3957-naouelle-192x300.jpg 192w, https:\/\/paradox-voyages.fr\/wp-content\/uploads\/2018\/09\/IMG_3957-naouelle.jpg 717w\" sizes=\"(max-width: 656px) 100vw, 656px\" \/><\/figure><div class=\"wp-block-media-text__content\">\n<p class=\"has-large-font-size\"><strong>Naouelle<\/strong> &#8211; <em>conseill\u00e8re<\/em><\/p>\n\n\n\n<p><strong>Passionn\u00e9e par<\/strong>\u00a0<strong>l&rsquo;Afrique<\/strong>, elle a tir\u00e9 de ce continent une bonne humeur l\u00e9gendaire qu\u2019elle met au service de nos clients.\u00a0<strong>Sp\u00e9cialis\u00e9e dans la client\u00e8le d\u2019affaires<\/strong>, elle connait toutes les astuces pour acheminer les voyageurs au plus vite dans les meilleures conditions au meilleur co\u00fbt. Ses bons souvenirs de voyage:\u00a0<strong>S\u00e9n\u00e9gal, Portugal, Espagne,\u00a0Belgique, Cuba<\/strong>.<\/p>\n<\/div><\/div>\n\n\n\n<div class=\"wp-block-media-text alignwide is-stacked-on-mobile\" style=\"grid-template-columns:22% auto\"><figure class=\"wp-block-media-text__media\"><img loading=\"lazy\" width=\"373\" height=\"413\" src=\"http:\/\/paradox-voyages.fr\/wp-content\/uploads\/2019\/03\/usha.jpg\" alt=\"\" class=\"wp-image-2040 size-full\" srcset=\"https:\/\/paradox-voyages.fr\/wp-content\/uploads\/2019\/03\/usha.jpg 373w, https:\/\/paradox-voyages.fr\/wp-content\/uploads\/2019\/03\/usha-271x300.jpg 271w\" sizes=\"(max-width: 373px) 100vw, 373px\" \/><\/figure><div class=\"wp-block-media-text__content\">\n<p class=\"has-large-font-size\"><strong>Usha <\/strong>&#8211;<strong> <\/strong><em>conseill\u00e8re<\/em><\/p>\n\n\n\n<p>Usha aime par-dessus tout voyager, et partage volontiers cette passion et ses bonnes adresses.\u00a0<strong>Connait bien l&rsquo;Asie et l&rsquo;Europe <\/strong>d&rsquo;o\u00f9 elle tient sa double culture!<strong> Elle s&rsquo;est sp\u00e9cialis\u00e9e depuis 14 ans sur toute l&rsquo;Asie. <\/strong>Patiente et dr\u00f4le, on peut percevoir son sourire m\u00eame au t\u00e9l\u00e9phone!<\/p>\n<\/div><\/div>\n\n\n\n<div class=\"wp-block-media-text alignwide has-media-on-the-right is-stacked-on-mobile\" style=\"grid-template-columns:auto 21%\"><figure class=\"wp-block-media-text__media\"><img loading=\"lazy\" width=\"512\" height=\"512\" src=\"http:\/\/paradox-voyages.fr\/wp-content\/uploads\/2022\/06\/woman.png\" alt=\"\" class=\"wp-image-2340 size-full\" srcset=\"https:\/\/paradox-voyages.fr\/wp-content\/uploads\/2022\/06\/woman.png 512w, https:\/\/paradox-voyages.fr\/wp-content\/uploads\/2022\/06\/woman-300x300.png 300w, https:\/\/paradox-voyages.fr\/wp-content\/uploads\/2022\/06\/woman-150x150.png 150w\" sizes=\"(max-width: 512px) 100vw, 512px\" \/><\/figure><div class=\"wp-block-media-text__content\">\n<p class=\"has-large-font-size\"><strong><strong>Fr\u00e9d\u00e9rique &#8211; <\/strong><\/strong><em>conseill\u00e8re<\/em><\/p>\n\n\n\n<p>Fr\u00e9d\u00e9rique a\u00a0particip\u00e9\u00a0d\u00e8s le d\u00e9but (\u00e0 quelques mois pr\u00e8s)\u00a0\u00e0 l&rsquo;aventure PARADOX. Elle a longtemps\u00a0<strong>v\u00e9cu\u00a0en Afrique<\/strong>, elle adore les voyages et aucune destination ne\u00a0lui est \u00ab\u00a0interdite\u00a0\u00bb ou \u00ab\u00a0d\u00e9conseill\u00e9e\u00a0\u00bb. Tr\u00e8s curieuse de nature, elle aime le contact\u00a0humain et\u00a0n&rsquo;h\u00e9site pas \u00e0 voyager et \u00e0 vous faire\u00a0<strong>partager son exp\u00e9rience<\/strong>.<\/p>\n<\/div><\/div>\n\n\n\n<div class=\"wp-block-media-text alignwide is-stacked-on-mobile is-vertically-aligned-center\" style=\"grid-template-columns:19% auto\"><figure class=\"wp-block-media-text__media\"><img loading=\"lazy\" width=\"512\" height=\"512\" src=\"http:\/\/paradox-voyages.fr\/wp-content\/uploads\/2022\/06\/woman.png\" alt=\"\" class=\"wp-image-2340 size-medium\" srcset=\"https:\/\/paradox-voyages.fr\/wp-content\/uploads\/2022\/06\/woman.png 512w, https:\/\/paradox-voyages.fr\/wp-content\/uploads\/2022\/06\/woman-300x300.png 300w, https:\/\/paradox-voyages.fr\/wp-content\/uploads\/2022\/06\/woman-150x150.png 150w\" sizes=\"(max-width: 512px) 100vw, 512px\" \/><\/figure><div class=\"wp-block-media-text__content\">\n<p class=\"has-large-font-size\"><strong><strong><strong>L\u00e9a<\/strong><\/strong><\/strong> &#8211; <em>conseill\u00e8re<\/em><\/p>\n\n\n\n<p>La benjamine est presque n\u00e9e dans un avion! En seulement quelques ann\u00e9es elle a d\u00e9j\u00e0 foul\u00e9 de ses petits pieds l&rsquo;<strong>\u00cele Maurice, la Tha\u00eflande, l&rsquo;Espagne, le Portugal, la Grande-Bretagne, l&rsquo;Ecosse, la Su\u00e8de, l&rsquo;Italie, les Seychelles, NYC,<\/strong> etc&#8230; Curieuse, d\u00e9brouillarde et d\u00e9contract\u00e9e, elle vous transmettra <strong>ses bons plans et sa bonne humeur<\/strong>!<\/p>\n<\/div><\/div>\n\n\n\n<div class=\"wp-block-contact-form-7-contact-form-selector\"><div role=\"form\" class=\"wpcf7\" id=\"wpcf7-f2326-o1\" lang=\"fr-FR\" dir=\"ltr\">\n<div class=\"screen-reader-response\"><p role=\"status\" aria-live=\"polite\" aria-atomic=\"true\"><\/p> <ul><\/ul><\/div>\n<form action=\"\/index.php\/wp-json\/wp\/v2\/pages\/36#wpcf7-f2326-o1\" method=\"post\" class=\"wpcf7-form init\" novalidate=\"novalidate\" data-status=\"init\">\n<div style=\"display: none;\">\n<input type=\"hidden\" name=\"_wpcf7\" value=\"2326\" \/>\n<input type=\"hidden\" name=\"_wpcf7_version\" value=\"5.5.6.1\" \/>\n<input type=\"hidden\" name=\"_wpcf7_locale\" value=\"fr_FR\" \/>\n<input type=\"hidden\" name=\"_wpcf7_unit_tag\" value=\"wpcf7-f2326-o1\" \/>\n<input type=\"hidden\" name=\"_wpcf7_container_post\" value=\"0\" \/>\n<input type=\"hidden\" name=\"_wpcf7_posted_data_hash\" value=\"\" \/>\n<\/div>\n<p><label> Votre nom<br \/>\n    <span class=\"wpcf7-form-control-wrap your-name\"><input type=\"text\" name=\"your-name\" value=\"\" size=\"40\" class=\"wpcf7-form-control wpcf7-text wpcf7-validates-as-required\" aria-required=\"true\" aria-invalid=\"false\" \/><\/span> <\/label><\/p>\n<p><label> Votre e-mail<br \/>\n    <span class=\"wpcf7-form-control-wrap your-email\"><input type=\"email\" name=\"your-email\" value=\"\" size=\"40\" class=\"wpcf7-form-control wpcf7-text wpcf7-email wpcf7-validates-as-required wpcf7-validates-as-email\" aria-required=\"true\" aria-invalid=\"false\" \/><\/span> <\/label><\/p>\n<p><label> Objet<br \/>\n    <span class=\"wpcf7-form-control-wrap your-subject\"><input type=\"text\" name=\"your-subject\" value=\"\" size=\"40\" class=\"wpcf7-form-control wpcf7-text wpcf7-validates-as-required\" aria-required=\"true\" aria-invalid=\"false\" \/><\/span> <\/label><\/p>\n<p><label> Votre message (facultatif)<br \/>\n    <span class=\"wpcf7-form-control-wrap your-message\"><textarea name=\"your-message\" cols=\"40\" rows=\"10\" class=\"wpcf7-form-control wpcf7-textarea\" aria-invalid=\"false\"><\/textarea><\/span> <\/label><\/p>\n<p><input type=\"submit\" value=\"Envoyer\" class=\"wpcf7-form-control has-spinner wpcf7-submit\" \/><\/p>\n<div class=\"wpcf7-response-output\" aria-hidden=\"true\"><\/div><\/form><\/div><\/div>\n","protected":false},"excerpt":{"rendered":"<p>Claude SCHENCK &#8211; Pr\u00e9sident des missions impossibles Notre Pr\u00e9sident, fondateur de PARADOX VOYAGES avec son p\u00e8re, d\u00e9barqu\u00e9 des Etats Unis, le plus fran\u00e7ais des am\u00e9ricains, met \u00e0 votre disposition son exp\u00e9rience obtenue pendant ses 37 ann\u00e9es d&rsquo;activit\u00e9 dans le monde du tourisme et plus particuli\u00e8rement dans le tourisme d&rsquo;affaires.\u00a0 Son humour et sa d\u00e9contraction toute [&hellip;]<\/p>\n","protected":false},"author":1,"featured_media":0,"parent":0,"menu_order":0,"comment_status":"closed","ping_status":"closed","template":"","meta":[],"_links":{"self":[{"href":"https:\/\/paradox-voyages.fr\/index.php\/wp-json\/wp\/v2\/pages\/36"}],"collection":[{"href":"https:\/\/paradox-voyages.fr\/index.php\/wp-json\/wp\/v2\/pages"}],"about":[{"href":"https:\/\/paradox-voyages.fr\/index.php\/wp-json\/wp\/v2\/types\/page"}],"author":[{"embeddable":true,"href":"https:\/\/paradox-voyages.fr\/index.php\/wp-json\/wp\/v2\/users\/1"}],"replies":[{"embeddable":true,"href":"https:\/\/paradox-voyages.fr\/index.php\/wp-json\/wp\/v2\/comments?post=36"}],"version-history":[{"count":28,"href":"https:\/\/paradox-voyages.fr\/index.php\/wp-json\/wp\/v2\/pages\/36\/revisions"}],"predecessor-version":[{"id":2348,"href":"https:\/\/paradox-voyages.fr\/index.php\/wp-json\/wp\/v2\/pages\/36\/revisions\/2348"}],"wp:attachment":[{"href":"https:\/\/paradox-voyages.fr\/index.php\/wp-json\/wp\/v2\/media?parent=36"}],"curies":[{"name":"wp","href":"https:\/\/api.w.org\/{rel}","templated":true}]}}